{"id":2,"date":"2024-12-19T07:45:41","date_gmt":"2024-12-19T06:45:41","guid":{"rendered":"http:\/\/cac-gourdon.com\/wordpress\/?page_id=2"},"modified":"2026-01-30T18:38:15","modified_gmt":"2026-01-30T17:38:15","slug":"page-d-exemple","status":"publish","type":"page","link":"http:\/\/cac-gourdon.com\/wordpress\/page-d-exemple\/","title":{"rendered":"Editorial"},"content":{"rendered":"\n<div class=\"wp-block-group is-vertical is-layout-flex wp-container-core-group-is-layout-8cf370e7 wp-block-group-is-layout-flex\">\n<div class=\"wp-block-cover\"><span aria-hidden=\"true\" class=\"wp-block-cover__background has-background-dim\"><\/span><div class=\"wp-block-cover__inner-container is-layout-flow wp-block-cover-is-layout-flow\">\n<div class=\"wp-block-group\"><div class=\"wp-block-group__inner-container is-layout-constrained wp-block-group-is-layout-constrained\">\n<div class=\"wp-block-columns is-layout-flex wp-container-core-columns-is-layout-9d6595d7 wp-block-columns-is-layout-flex\">\n<div class=\"wp-block-column is-layout-flow wp-block-column-is-layout-flow\" style=\"flex-basis:100%\">\n<div class=\"wp-block-group\"><div class=\"wp-block-group__inner-container is-layout-constrained wp-block-group-is-layout-constrained\">\n<p><em>Le\u00a0Comit\u00e9 d\u2019Animation Culturelle de Gourdon (CAC)\u00a0existe\u00a0depuis les ann\u00e9es 1970.<br>Il a pour but de promouvoir, d\u2019organiser et d\u2019impulser une animation permanente \u00e0 <\/em>                    <em>Gourdon en Quercy (Lot).<\/em><br><\/p>\n\n\n\n<p><em>Apr\u00e8s deux ann\u00e9es de transformation audacieuse, plus qu\u2019une simple offre artistique,                            le CAC propose une aventure collective, o\u00f9 chacun trouve sa place, quel que soit son                           \u00e2ge ou son horizon.<\/em><br><\/p>\n\n\n\n<p><em>Son ambition ? Briser les barri\u00e8res, en faisant de la culture un droit et non un privil\u00e8ge.<\/em><br><\/p>\n\n\n\n<p><em>Ouvrir grand les portes de l\u2019\u00e9merveillement. Expositions, ateliers, conf\u00e9rences et spectacles            invitent \u00e0 s\u2019\u00e9tonner, \u00e0 apprendre, \u00e0 partager.<\/em><br><\/p>\n\n\n\n<p><em>Ici, la culture n\u2019est pas un spectacle lointain, mais une exp\u00e9rience \u00e0 vivre ensemble.                             Elle unit, elle inspire, elle transforme.<\/em><\/p>\n\n\n\n<p><br><em>En 2026, Gourdon en Quercy devient un laboratoire de cr\u00e9ativit\u00e9 et de convivialit\u00e9,                               o\u00f9 chaque rencontre est une graine plant\u00e9e pour demain.<\/em><\/p>\n<\/div><\/div>\n<\/div>\n<\/div>\n\n\n\n<p><br><em><strong>Et si la culture devenait notre plus beau langage commun ?<\/strong><\/em><\/p>\n<\/div><\/div>\n<\/div><\/div>\n<\/div>\n\n\n\n<p><\/p>\n","protected":false},"excerpt":{"rendered":"","protected":false},"author":1,"featured_media":0,"parent":0,"menu_order":0,"comment_status":"closed","ping_status":"open","template":"","meta":{"_bbp_topic_count":0,"_bbp_reply_count":0,"_bbp_total_topic_count":0,"_bbp_total_reply_count":0,"_bbp_voice_count":0,"_bbp_anonymous_reply_count":0,"_bbp_topic_count_hidden":0,"_bbp_reply_count_hidden":0,"_bbp_forum_subforum_count":0,"footnotes":""},"class_list":["post-2","page","type-page","status-publish","hentry"],"_links":{"self":[{"href":"http:\/\/cac-gourdon.com\/wordpress\/wp-json\/wp\/v2\/pages\/2","targetHints":{"allow":["GET"]}}],"collection":[{"href":"http:\/\/cac-gourdon.com\/wordpress\/wp-json\/wp\/v2\/pages"}],"about":[{"href":"http:\/\/cac-gourdon.com\/wordpress\/wp-json\/wp\/v2\/types\/page"}],"author":[{"embeddable":true,"href":"http:\/\/cac-gourdon.com\/wordpress\/wp-json\/wp\/v2\/users\/1"}],"replies":[{"embeddable":true,"href":"http:\/\/cac-gourdon.com\/wordpress\/wp-json\/wp\/v2\/comments?post=2"}],"version-history":[{"count":6,"href":"http:\/\/cac-gourdon.com\/wordpress\/wp-json\/wp\/v2\/pages\/2\/revisions"}],"predecessor-version":[{"id":443,"href":"http:\/\/cac-gourdon.com\/wordpress\/wp-json\/wp\/v2\/pages\/2\/revisions\/443"}],"wp:attachment":[{"href":"http:\/\/cac-gourdon.com\/wordpress\/wp-json\/wp\/v2\/media?parent=2"}],"curies":[{"name":"wp","href":"https:\/\/api.w.org\/{rel}","templated":true}]}}