{"id":84,"date":"2025-02-18T12:38:45","date_gmt":"2025-02-18T11:38:45","guid":{"rendered":"http:\/\/cac-gourdon.com\/wordpress\/?page_id=84"},"modified":"2026-03-29T11:43:42","modified_gmt":"2026-03-29T09:43:42","slug":"calendrier-2026","status":"publish","type":"page","link":"http:\/\/cac-gourdon.com\/wordpress\/calendrier-2026\/","title":{"rendered":"Calendrier"},"content":{"rendered":"\n<p class=\"has-text-align-center has-black-color has-text-color has-link-color has-medium-font-size wp-elements-93876a92380a35d5ea42aab34d3546d6\"><strong>Tout le programme 2026 \u00e0 consulter et\/ou t\u00e9l\u00e9charger<\/strong> <strong>en un seul clic <\/strong><\/p>\n\n\n\n<p>Nous sommes d\u00e9sol\u00e9s de vous informer que la conf\u00e9rence de Michel Lorblanchet pr\u00e9vue le samedi 21 F\u00e9vrier est annul\u00e9e suite \u00e0 des probl\u00e8mes de sant\u00e9 du conf\u00e9rencier. Ce n&rsquo;est que partie remise ! <\/p>\n\n\n\n<figure class=\"wp-block-image size-full\"><a href=\"http:\/\/cac-gourdon.com\/wordpress\/wp-content\/uploads\/2025\/12\/programme-2026.pdf\" target=\"_blank\" rel=\" noreferrer noopener\"><img loading=\"lazy\" decoding=\"async\" width=\"952\" height=\"762\" src=\"http:\/\/cac-gourdon.com\/wordpress\/wp-content\/uploads\/2025\/12\/image.png\" alt=\"\" class=\"wp-image-421\" srcset=\"http:\/\/cac-gourdon.com\/wordpress\/wp-content\/uploads\/2025\/12\/image.png 952w, http:\/\/cac-gourdon.com\/wordpress\/wp-content\/uploads\/2025\/12\/image-300x240.png 300w, http:\/\/cac-gourdon.com\/wordpress\/wp-content\/uploads\/2025\/12\/image-768x615.png 768w\" sizes=\"auto, (max-width: 952px) 100vw, 952px\" \/><\/a><\/figure>\n\n\n\n<p>Pas \u00e0 pas chaque mois &#8230;.<\/p>\n\n\n<div class=\"wp-block-image\">\n<figure class=\"aligncenter size-full is-resized\"><img loading=\"lazy\" decoding=\"async\" width=\"301\" height=\"82\" src=\"https:\/\/cac-gourdon.com\/wordpress\/wp-content\/uploads\/2025\/11\/image-1.png\" alt=\"\" class=\"wp-image-388\" style=\"width:177px;height:auto\"\/><\/figure>\n<\/div>\n\n\n<ul class=\"wp-block-list\">\n<li class=\"has-black-color has-text-color has-link-color wp-elements-d1fb27263733db7a7201db4dac6ac69c\"><strong>10 Janvier : Conf\u00e9rence Histoire de l&rsquo;Art<\/strong> : <a href=\"https:\/\/cac-gourdon.com\/wordpress\/wp-admin\/post.php?post=412&amp;action=edit\" target=\"_blank\" rel=\"noreferrer noopener\">Berthe Weill<\/a>. Galeriste d\u2019avant-garde. <em>(exposition au mus\u00e9e de l\u2019orangerie Paris jusqu\u2019au 26 janvier 2026<\/em>)- Genevi\u00e8ve Furnemont &#8211; Cin\u00e9ma Atalante (Gourdon)<\/li>\n\n\n\n<li class=\"has-black-color has-text-color has-link-color wp-elements-910513168bf53b6157ebe64b2b5297fd\"><strong>10 Janvier<\/strong> : <strong>com\u00e9die -musique et humour<\/strong> &#8211; <a href=\"https:\/\/stenetchardon.fr\/\">stenetchardon.fr<\/a> &#8211; Tiers Lieu Savy (Saint Projet)<\/li>\n\n\n\n<li class=\"has-black-color has-text-color has-link-color wp-elements-8cc836b125b78695472ebbe4ec13559b\"><strong>31 Janvie<\/strong>r :<strong>Musique<\/strong> <a href=\"https:\/\/www.facebook.com\/StephanieDellaRoccaOfficial\/?locale=fr_FR\" target=\"_blank\" rel=\"noreferrer noopener\">St\u00e9phanie Della Roca<\/a> : chansons po\u00e9tico sauvages &#8211; Tiers Lieu Savy (Saint Projet)<\/li>\n<\/ul>\n\n\n<div class=\"wp-block-image\">\n<figure class=\"aligncenter size-full is-resized\"><img loading=\"lazy\" decoding=\"async\" width=\"274\" height=\"70\" src=\"https:\/\/cac-gourdon.com\/wordpress\/wp-content\/uploads\/2025\/11\/image-2.png\" alt=\"\" class=\"wp-image-389\" style=\"width:172px;height:auto\"\/><\/figure>\n<\/div>\n\n\n<ul class=\"wp-block-list\">\n<li><strong>7 f\u00e9vrier &nbsp;: Conf\u00e9rence Histoire de l&rsquo;Art <\/strong>:<a href=\"https:\/\/cac-gourdon.com\/wordpress\/2026\/01\/30\/frida-kalho-la-souffrance-sublimee\/\"> Frida Khalo<\/a>&nbsp;-Genevi\u00e8ve Furnemont &#8211; Cin\u00e9ma Atalante (Gourdon)<\/li>\n\n\n\n<li class=\"has-vivid-red-color has-text-color has-link-color wp-elements-c2e0e924e597a5866ae7104743244889\"><strong>21 F\u00e9vrier<\/strong> : <strong>la Pr\u00e9histoire<\/strong> avec Michel Lorblanchet &#8211; Cin\u00e9ma Atalante (Gourdon) &#8211; La recette sera int\u00e9gralement revers\u00e9e \u00e0 la Fondation pour le Patrimoine Gourdonnais. <strong>ANNULE<\/strong> <\/li>\n<\/ul>\n\n\n<div class=\"wp-block-image\">\n<figure class=\"aligncenter size-full is-resized\"><img loading=\"lazy\" decoding=\"async\" width=\"301\" height=\"84\" src=\"https:\/\/cac-gourdon.com\/wordpress\/wp-content\/uploads\/2025\/11\/image-4.png\" alt=\"\" class=\"wp-image-391\" style=\"width:173px;height:auto\"\/><\/figure>\n<\/div>\n\n\n<ul class=\"wp-block-list\">\n<li class=\"has-black-color has-text-color has-link-color wp-elements-4de5496db660ad1c020e0278203df408\"><strong>14 Mars &nbsp;: Conf\u00e9rence Histoire de l&rsquo;Art<\/strong> : <strong><a href=\"https:\/\/cac-gourdon.com\/wordpress\/2026\/03\/02\/une-conference-pour-decouvrir-la-vie-loeuvre-et-lheritage-dun-geant-de-lart\/\" target=\"_blank\" rel=\"noreferrer noopener\">Matisse<\/a><\/strong> (41-54) -Genevi\u00e8ve Furnemont &#8211; Cin\u00e9ma Atalante (Gourdon)<\/li>\n\n\n\n<li class=\"has-black-color has-text-color has-link-color wp-elements-d5e66616d68b86411afb232a4784db29\"><strong>28 Mars : Musique<\/strong> actuelle : <a href=\"https:\/\/www.yvettesoundsystem.com\/\" target=\"_blank\" rel=\"noreferrer noopener\">Yvette sound system<\/a> &#8211; Tiers Lieu Savy (St Projet)<\/li>\n<\/ul>\n\n\n<div class=\"wp-block-image\">\n<figure class=\"aligncenter size-full is-resized\"><img loading=\"lazy\" decoding=\"async\" width=\"300\" height=\"82\" src=\"https:\/\/cac-gourdon.com\/wordpress\/wp-content\/uploads\/2025\/11\/image-5.png\" alt=\"\" class=\"wp-image-392\" style=\"width:148px;height:auto\"\/><\/figure>\n<\/div>\n\n\n<ul class=\"wp-block-list\">\n<li class=\"has-black-color has-text-color has-link-color wp-elements-eda8d4ddc2a1370a41dcc7bfcbdcfb53\"><strong>11 Avril  : Conf\u00e9rence Histoire de l&rsquo;Art <\/strong>: Les secrets du Douanier &nbsp;Rousseau -Genevi\u00e8ve Furnemont &#8211; Cin\u00e9ma Atalante (Gourdon)<\/li>\n\n\n\n<li class=\"has-black-color has-text-color has-link-color wp-elements-787c996eeea3340cb971464dcaf3cab0\"><strong>18 Avril : Musique <\/strong>actuelle : groupe les 5 pourcent &#8211; Jardins du S\u00e9n\u00e9chal &#8211; Gourdon<\/li>\n<\/ul>\n\n\n<div class=\"wp-block-image\">\n<figure class=\"aligncenter size-full is-resized\"><img loading=\"lazy\" decoding=\"async\" width=\"285\" height=\"76\" src=\"https:\/\/cac-gourdon.com\/wordpress\/wp-content\/uploads\/2025\/11\/image-6.png\" alt=\"\" class=\"wp-image-393\" style=\"width:159px;height:auto\"\/><\/figure>\n<\/div>\n\n\n<ul class=\"wp-block-list\">\n<li class=\"has-vivid-green-cyan-color has-text-color has-link-color wp-elements-76cc7488162c1d460bb9b36ecfa83e83\"><strong>1er au 17 Mai : <a href=\"https:\/\/cac-gourdon.com\/wordpress\/2026\/03\/29\/vegetal\/\" target=\"_blank\" rel=\"noreferrer noopener\">Biennale de printemps de Gourdon : le v\u00e9g\u00e9tal <\/a><\/strong><\/li>\n\n\n\n<li class=\"has-black-color has-text-color has-link-color wp-elements-d761850aff37180ca48ba4c4a41c7902\"><strong>2 Mai <\/strong>&nbsp;: <strong>Conf\u00e9rence Histoire de l&rsquo;Art <\/strong>: les jardins du monde -Genevi\u00e8ve Furnemont &#8211; Cin\u00e9ma Atalante (Gourdon)<\/li>\n\n\n\n<li class=\"has-black-color has-text-color has-link-color wp-elements-18e12c3d4abd550cb841d892a239d11a\"><strong>23 Mai : musique classique <\/strong>: trio giocoso &#8211; Eglise Notre-Dame Des neiges (Gourdon)<\/li>\n\n\n\n<li class=\"has-black-color has-text-color has-link-color wp-elements-4bacce0473a1a448fb9f34a5d9d7fbf1\"><strong>30 Mai :<\/strong> <strong>Conf\u00e9rence Histoire de l&rsquo;Art <\/strong>: le street art &#8211; Genevi\u00e8ve Furnemont &#8211; Cin\u00e9ma Atalante (Gourdon)<\/li>\n\n\n\n<li><strong>du 30 Mai au 7 Juin<\/strong> : Exposition d\u2019Artistes Amateurs &#8211; Eglise des Cordeliers (Gourdon) <\/li>\n<\/ul>\n\n\n<div class=\"wp-block-image\">\n<figure class=\"aligncenter size-full is-resized\"><img loading=\"lazy\" decoding=\"async\" width=\"277\" height=\"88\" src=\"https:\/\/cac-gourdon.com\/wordpress\/wp-content\/uploads\/2025\/11\/image-7.png\" alt=\"\" class=\"wp-image-394\" style=\"width:153px;height:auto\"\/><\/figure>\n<\/div>\n\n\n<ul class=\"wp-block-list\">\n<li><strong>5 Juin : musique rock-rap- hip hop <\/strong>: Groupe \u00ab\u00a0La Faille\u00a0\u00bb &#8211; Tiers Lieu Savy (Saint Projet)<\/li>\n\n\n\n<li><strong>12 Juin : musique <\/strong>&#8211; quartet de Jazz &#8211; Place du S\u00e9n\u00e9chal (Gourdon) <\/li>\n<\/ul>\n\n\n<div class=\"wp-block-image\">\n<figure class=\"aligncenter size-full is-resized\"><img loading=\"lazy\" decoding=\"async\" width=\"319\" height=\"79\" src=\"https:\/\/cac-gourdon.com\/wordpress\/wp-content\/uploads\/2025\/11\/image-8.png\" alt=\"\" class=\"wp-image-395\" style=\"width:190px;height:auto\" srcset=\"http:\/\/cac-gourdon.com\/wordpress\/wp-content\/uploads\/2025\/11\/image-8.png 319w, http:\/\/cac-gourdon.com\/wordpress\/wp-content\/uploads\/2025\/11\/image-8-300x74.png 300w\" sizes=\"auto, (max-width: 319px) 100vw, 319px\" \/><\/figure>\n<\/div>\n\n\n<ul class=\"wp-block-list\">\n<li><strong>4<strong>Juillet : Manoche le Piston : <\/strong><\/strong>place du S\u00e9n\u00e9chal (Gourdon) <\/li>\n\n\n\n<li>1<strong>2 Juillet : musique classique<\/strong> : Philippe Gaubert &#8211; Eglise des Cordeliers (Gourdon)<\/li>\n<\/ul>\n\n\n<div class=\"wp-block-image\">\n<figure class=\"aligncenter size-full is-resized\"><img loading=\"lazy\" decoding=\"async\" width=\"304\" height=\"84\" src=\"https:\/\/cac-gourdon.com\/wordpress\/wp-content\/uploads\/2025\/11\/image-9.png\" alt=\"\" class=\"wp-image-396\" style=\"width:195px;height:auto\" srcset=\"http:\/\/cac-gourdon.com\/wordpress\/wp-content\/uploads\/2025\/11\/image-9.png 304w, http:\/\/cac-gourdon.com\/wordpress\/wp-content\/uploads\/2025\/11\/image-9-300x83.png 300w\" sizes=\"auto, (max-width: 304px) 100vw, 304px\" \/><\/figure>\n<\/div>\n\n<div class=\"wp-block-image\">\n<figure class=\"aligncenter size-full is-resized\"><img loading=\"lazy\" decoding=\"async\" width=\"400\" height=\"400\" src=\"https:\/\/cac-gourdon.com\/wordpress\/wp-content\/uploads\/2025\/11\/butterfly-animation-80.gif.webp\" alt=\"\" class=\"wp-image-374\" style=\"width:144px;height:auto\"\/><\/figure>\n<\/div>\n\n<div class=\"wp-block-image\">\n<figure class=\"aligncenter size-full is-resized\"><img loading=\"lazy\" decoding=\"async\" width=\"414\" height=\"82\" src=\"https:\/\/cac-gourdon.com\/wordpress\/wp-content\/uploads\/2025\/11\/image-10.png\" alt=\"\" class=\"wp-image-397\" style=\"width:253px;height:auto\" srcset=\"http:\/\/cac-gourdon.com\/wordpress\/wp-content\/uploads\/2025\/11\/image-10.png 414w, http:\/\/cac-gourdon.com\/wordpress\/wp-content\/uploads\/2025\/11\/image-10-300x59.png 300w\" sizes=\"auto, (max-width: 414px) 100vw, 414px\" \/><\/figure>\n<\/div>\n\n\n<ul class=\"wp-block-list\">\n<li class=\"has-black-color has-text-color has-link-color wp-elements-126618ed9d092f499d4895cd285a370d\"><strong>26 Septembre :<\/strong> <strong>Conf\u00e9rence Histoire de l&rsquo;Art <\/strong>: <a href=\"https:\/\/www.jeannouvel.com\/\" target=\"_blank\" rel=\"noreferrer noopener\">Jean Nouvel<\/a> &#8211; Genevi\u00e8ve Furnemont &#8211; Cin\u00e9ma Atalante (Gourdon)<\/li>\n<\/ul>\n\n\n<div class=\"wp-block-image\">\n<figure class=\"aligncenter size-full is-resized\"><img loading=\"lazy\" decoding=\"async\" width=\"351\" height=\"78\" src=\"https:\/\/cac-gourdon.com\/wordpress\/wp-content\/uploads\/2025\/11\/image-11.png\" alt=\"\" class=\"wp-image-398\" style=\"width:238px;height:auto\" srcset=\"http:\/\/cac-gourdon.com\/wordpress\/wp-content\/uploads\/2025\/11\/image-11.png 351w, http:\/\/cac-gourdon.com\/wordpress\/wp-content\/uploads\/2025\/11\/image-11-300x67.png 300w\" sizes=\"auto, (max-width: 351px) 100vw, 351px\" \/><\/figure>\n<\/div>\n\n\n<ul class=\"wp-block-list\">\n<li class=\"has-black-color has-text-color has-link-color wp-elements-cf4e8287c55e8b5f16dc5233d8a806cc\"><strong>17 Octobre :<\/strong> <strong>Conf\u00e9rence Histoire de l&rsquo;Art <\/strong>: <a href=\"http:\/\/www.ousmanesow.com\/mac\/fr\/index.htm?mid=0&amp;sid=0\" target=\"_blank\" rel=\"noreferrer noopener\">Ousmane Sow<\/a> &#8211; Genevi\u00e8ve Furnemont &#8211; Cin\u00e9ma Atalante (Gourdon)<\/li>\n<\/ul>\n\n\n<div class=\"wp-block-image\">\n<figure class=\"aligncenter size-full is-resized\"><img loading=\"lazy\" decoding=\"async\" width=\"394\" height=\"87\" src=\"https:\/\/cac-gourdon.com\/wordpress\/wp-content\/uploads\/2025\/11\/image-12.png\" alt=\"\" class=\"wp-image-399\" style=\"width:233px;height:auto\" srcset=\"http:\/\/cac-gourdon.com\/wordpress\/wp-content\/uploads\/2025\/11\/image-12.png 394w, http:\/\/cac-gourdon.com\/wordpress\/wp-content\/uploads\/2025\/11\/image-12-300x66.png 300w\" sizes=\"auto, (max-width: 394px) 100vw, 394px\" \/><\/figure>\n<\/div>\n\n\n<ul class=\"wp-block-list\">\n<li class=\"has-black-color has-text-color has-link-color wp-elements-9c5e95f5cef7aaa4c3ebbd1ce0d35a0d\"><strong>14 Novembre :<\/strong> <strong>Conf\u00e9rence Histoire de l&rsquo;Art <\/strong>: L&rsquo;art Brut- Genevi\u00e8ve Furnemont &#8211; Cin\u00e9ma Atalante (Gourdon)<\/li>\n<\/ul>\n\n\n<div class=\"wp-block-image\">\n<figure class=\"aligncenter size-full is-resized\"><img loading=\"lazy\" decoding=\"async\" width=\"382\" height=\"79\" src=\"https:\/\/cac-gourdon.com\/wordpress\/wp-content\/uploads\/2025\/11\/image-13.png\" alt=\"\" class=\"wp-image-400\" style=\"width:250px;height:auto\" srcset=\"http:\/\/cac-gourdon.com\/wordpress\/wp-content\/uploads\/2025\/11\/image-13.png 382w, http:\/\/cac-gourdon.com\/wordpress\/wp-content\/uploads\/2025\/11\/image-13-300x62.png 300w\" sizes=\"auto, (max-width: 382px) 100vw, 382px\" \/><\/figure>\n<\/div>\n\n\n<ul class=\"wp-block-list\">\n<li class=\"has-black-color has-text-color has-link-color wp-elements-05b310fe8f07a6165f3a162b7c017811\"><strong>12 D\u00e9cembre :<\/strong> <strong>Conf\u00e9rence Histoire de l&rsquo;Art <\/strong>: <a href=\"https:\/\/claudemonetgiverny.fr\/\" target=\"_blank\" rel=\"noreferrer noopener\">Monet<\/a> &#8211; Genevi\u00e8ve Furnemont &#8211; Cin\u00e9ma Atalante (Gourdon)<br><\/li>\n<\/ul>\n\n\n\n<h2 class=\"wp-block-heading has-text-align-left has-cyan-bluish-gray-color has-text-color has-link-color wp-elements-d725ec94c936db60971a053d5f0ab675\" style=\"text-transform:capitalize\">Pass\u00e9 &#8230;&#8230;<\/h2>\n\n\n\n<ul class=\"wp-block-list\">\n<li class=\"has-cyan-bluish-gray-color has-text-color has-link-color wp-elements-cda3b1b85533de7a955c0faf5c130a0e\"><strong>4 Janvier : Conf\u00e9rence Gustave Caillebotte<\/strong> &#8211; Genevi\u00e8ve Furnemont &#8211; Cin\u00e9ma Atalante (Gourdon)<\/li>\n\n\n\n<li class=\"has-cyan-bluish-gray-color has-text-color has-link-color wp-elements-447ef77101b09fb857c801e0c5d26826\"><strong>1er F\u00e9vrier : Conf\u00e9rence Le Caravage <\/strong>&#8211; Genevi\u00e8ve Furnemont &#8211; Cin\u00e9ma Atalante (Gourdon)<\/li>\n\n\n\n<li class=\"has-cyan-bluish-gray-color has-text-color has-link-color wp-elements-b2abdd56f331c84efb357c5f49ae6e08\"><strong>17 Mars : Conf\u00e9rence William Turner <\/strong>&#8211; Genevi\u00e8ve Furnemont &#8211; Cin\u00e9ma Atalante (Gourdon)<\/li>\n\n\n\n<li class=\"has-cyan-bluish-gray-color has-text-color has-link-color wp-elements-fe55f88758dd3d1c4bd726722089f4c3\"><strong>21 avril : Concert \u00ab\u00a0Les Cheeses Makers\u00a0\u00bb<\/strong> &#8211; Les Pargueminiers (Gourdon)<\/li>\n\n\n\n<li class=\"has-cyan-bluish-gray-color has-text-color has-link-color wp-elements-265b0998531368dce7144d66b459e3dd\"><strong>28 Avril : Conf\u00e9rence Gustave Courbet <\/strong>&#8211; Genevi\u00e8ve Furnemont &#8211; Cin\u00e9ma Atalante (Gourdon)<\/li>\n\n\n\n<li class=\"has-cyan-bluish-gray-color has-text-color has-link-color wp-elements-2e9b887b28d9ba3661fa80abdc1373a9\"><strong>7 Juin : Conf\u00e9rence Eva Jospin &#8211; <\/strong>Genevi\u00e8ve Furnemont &#8211; Cin\u00e9ma Atalante (Gourdon)<\/li>\n\n\n\n<li class=\"has-cyan-bluish-gray-color has-text-color has-link-color wp-elements-0b8f7a0e40b478ea1871954ab2fe61c6\"><strong>17 Juin : Concert \u00ab\u00a0heimat\u00a0\u00bb <\/strong>&#8211; musique romantique allemande &#8211; Les cordeliers (Gourdon)<\/li>\n\n\n\n<li class=\"has-cyan-bluish-gray-color has-text-color has-link-color wp-elements-83551a57bca8f034b09069244f8b6ffd\"><strong>22 Juin : Concert \u00a0\u00bb Trio Giocoso\u00a0\u00bb<\/strong> &#8211; ND des Neiges (Gourdon)<\/li>\n\n\n\n<li class=\"has-cyan-bluish-gray-color has-text-color has-link-color wp-elements-d325c8930014d733b6f7862707faf6ef\"><strong>27 Juin : Concert \u00ab\u00a0Les haddocks\u00a0\u00bb <\/strong>&#8211; Jazz Manouche &#8211; Le Tiers Lieu Savy (St Projet)<\/li>\n\n\n\n<li class=\"has-cyan-bluish-gray-color has-text-color has-link-color wp-elements-19c1c2f66b45e65afaa6ba5b9c449104\"><strong>5 Juillet : Concert Orgue et Fl\u00fbte<\/strong> &#8211; Eglise Saint Pierre (Gourdon)<\/li>\n\n\n\n<li class=\"has-cyan-bluish-gray-color has-text-color has-link-color wp-elements-254a29dbb1438e6e2bad10c7d05bcd9e\"><strong>6 Juillet : Concert \u00ab\u00a0Autour de Verlaine\u00a0\u00bb <\/strong>&#8211; Piano et Voix &#8211; Tiers lieu Savy (St Projet)<\/li>\n\n\n\n<li class=\"has-cyan-bluish-gray-color has-text-color has-link-color wp-elements-b9a8a41af186fb7acd4d6ee6869b9108\"><strong>22 Juillet : Conteur R\u00e9mi Boiron<\/strong> &#8211; Tiers lieu Savy (St Projet)<\/li>\n\n\n\n<li class=\"has-cyan-bluish-gray-color has-text-color has-link-color wp-elements-1e02b52abfece7474bb72faffe9102ab\"><strong>5-27 septembre : <a href=\"http:\/\/A chacun son regard \u2013 exposition photo\" target=\"_blank\" rel=\"noreferrer noopener\">exposition photo<\/a><\/strong><mark style=\"background-color:rgba(0, 0, 0, 0)\" class=\"has-inline-color has-vivid-green-cyan-color\"> <\/mark>&#8211; BIG Gourdon<\/li>\n\n\n\n<li class=\"has-cyan-bluish-gray-color has-text-color has-link-color wp-elements-6ed5445ce2d4190943bba7c75f7a9a24\"><strong>12 Septembre : Concert : <a href=\"https:\/\/cac-gourdon.com\/wordpress\/2025\/08\/26\/pour-les-connaisseurs-mais-surtout-pour-les-profanes\/\" target=\"_blank\" rel=\"noreferrer noopener\">Duo presque classique <\/a>&#8211;<\/strong> Gourdon -Aux cordeliers (report suite \u00e0 temps incertain &#8211; lieu initialement pr\u00e9vu place du S\u00e9n\u00e9chal).<\/li>\n\n\n\n<li class=\"has-cyan-bluish-gray-color has-text-color has-link-color wp-elements-106cf9470c3d899c2acbc863c9638a93\"><strong>26 Septembre : &nbsp;Conf\u00e9rence \u00a0\u00bb<a href=\"https:\/\/cac-gourdon.com\/wordpress\/2025\/09\/05\/pourquoi-et-comment-un-roman-peut-il-servir-lhistoire\/\" target=\"_blank\" rel=\"noreferrer noopener\">Gourdon Printemps 44 &#8211; de la r\u00e9alit\u00e9 au roman\u00a0\u00bb<\/a> <\/strong>Jean-Fran\u00e7ois Bouygues &#8211; Gourdon salle des Pargueminiers .<\/li>\n\n\n\n<li class=\"has-cyan-bluish-gray-color has-text-color has-link-color wp-elements-066ac70308c2578f88dbb6a38f28aab2\"><strong>27 Septembre : Conf\u00e9rence Histoire de l&rsquo;Art : <a href=\"https:\/\/cac-gourdon.com\/wordpress\/2025\/09\/11\/mysterieux-et-fascinant\/\" target=\"_blank\" rel=\"noreferrer noopener\">Georges de La Tour<\/a><\/strong><em> (exposition jusqu\u2019au 25 janvier 2026<strong> <\/strong>au mus\u00e9e Andr\u00e9 Jacquemart \u00e0 Paris)<\/em> &#8211; Genevi\u00e8ve Furnemont &#8211; Cin\u00e9ma Atalante (Gourdon)<\/li>\n\n\n\n<li class=\"has-cyan-bluish-gray-color has-text-color has-link-color wp-elements-928e5923210b9c7482c6589d05560672\"><strong>28 Septembre : Concert<\/strong> <a href=\"https:\/\/cac-gourdon.com\/wordpress\/2025\/08\/26\/une-musique-dune-immense-richesse\/\" target=\"_blank\" rel=\"noreferrer noopener\">Jan William Jansen. <\/a>Eglise st pierre (Gourdon)<\/li>\n\n\n\n<li class=\"has-cyan-bluish-gray-color has-text-color has-link-color wp-elements-113896454b4ef8cec982faf23e66e019\"><strong>12 Octobre : Conf\u00e9rence Histoire de l&rsquo;Art<\/strong> : <a href=\"https:\/\/cac-gourdon.com\/wordpress\/2025\/09\/28\/niki-de-saint-phalle-et-jean-tinguely-des-artistes-qui-vont-changer-le-cours-de-lhistoire-de-lart\/\" target=\"_blank\" rel=\"noreferrer noopener\">Niki de Saint Phalle, Jean Tinguely, Pontus Hulten <\/a><em>(exposition au &nbsp;grand Palais (Paris) jusqu\u2019au 4 Janvier 2026)<\/em> &#8211; Genevi\u00e8ve Furnemont &#8211; Cin\u00e9ma Atalante (Gourdon)<\/li>\n\n\n\n<li class=\"has-cyan-bluish-gray-color has-text-color has-link-color wp-elements-75f0eab6960c14d4b0d5a0c7d1388468\"><strong>22 Novembre : &nbsp;Conf\u00e9rence Histoire de l&rsquo;Art<\/strong> : <a href=\"https:\/\/cac-gourdon.com\/wordpress\/2025\/11\/01\/plongez-dans-lunivers-abstrait-de-kandinsky-avec-madame-genevieve-furnemont\/\" target=\"_blank\" rel=\"noreferrer noopener\">Vassily Kandinsky,<\/a> un pionnier de l\u2019art abstrait. Genevi\u00e8ve Furnemont &#8211; Cin\u00e9ma Atalante (Gourdon) (Exposition au Mus\u00e9e de la musique-Philharmonie de Paris jusqu&rsquo;au 1er f\u00e9vrier 2026)<\/li>\n\n\n\n<li class=\"has-cyan-bluish-gray-color has-text-color has-link-color wp-elements-b01d3331b1fae32278dccce744391b90\"><strong>13 D\u00e9cembre : Conf\u00e9rence Histoire de l&rsquo;Art<\/strong> : &nbsp;<a href=\"https:\/\/cac-gourdon.com\/wordpress\/2025\/11\/24\/le-mystere-cleopatre\/\" target=\"_blank\" rel=\"noreferrer noopener\">le myst\u00e8re Cl\u00e9op\u00e2tre <\/a><em>(exposition \u00e0 l\u2019Institut du Monde Arabe (Paris) jusqu\u2019au 11 janvier 2026)<\/em> &#8211; Genevi\u00e8ve Furnemont &#8211; Cin\u00e9ma Atalante (Gourdon)<\/li>\n<\/ul>\n\n\n\n<p><\/p>\n\n\n\n<p class=\"has-vivid-green-cyan-color has-text-color has-link-color wp-elements-2a01180342af993cb897cf700604d1f1\"><\/p>\n\n\n\n<p><\/p>\n\n\n\n<p><\/p>\n","protected":false},"excerpt":{"rendered":"<p>Tout le programme 2026 \u00e0 consulter et\/ou t\u00e9l\u00e9charger en un seul clic Nous sommes d\u00e9sol\u00e9s de vous informer que la conf\u00e9rence de Michel Lorblanchet pr\u00e9vue le samedi 21 F\u00e9vrier est annul\u00e9e suite \u00e0 des probl\u00e8mes de sant\u00e9 du conf\u00e9rencier. Ce n&rsquo;est que partie remise ! Pas \u00e0 pas chaque mois &#8230;. Pass\u00e9 &#8230;&#8230;<\/p>\n","protected":false},"author":1,"featured_media":0,"parent":0,"menu_order":0,"comment_status":"closed","ping_status":"closed","template":"","meta":{"_bbp_topic_count":0,"_bbp_reply_count":0,"_bbp_total_topic_count":0,"_bbp_total_reply_count":0,"_bbp_voice_count":0,"_bbp_anonymous_reply_count":0,"_bbp_topic_count_hidden":0,"_bbp_reply_count_hidden":0,"_bbp_forum_subforum_count":0,"footnotes":""},"class_list":["post-84","page","type-page","status-publish","hentry"],"_links":{"self":[{"href":"http:\/\/cac-gourdon.com\/wordpress\/wp-json\/wp\/v2\/pages\/84","targetHints":{"allow":["GET"]}}],"collection":[{"href":"http:\/\/cac-gourdon.com\/wordpress\/wp-json\/wp\/v2\/pages"}],"about":[{"href":"http:\/\/cac-gourdon.com\/wordpress\/wp-json\/wp\/v2\/types\/page"}],"author":[{"embeddable":true,"href":"http:\/\/cac-gourdon.com\/wordpress\/wp-json\/wp\/v2\/users\/1"}],"replies":[{"embeddable":true,"href":"http:\/\/cac-gourdon.com\/wordpress\/wp-json\/wp\/v2\/comments?post=84"}],"version-history":[{"count":57,"href":"http:\/\/cac-gourdon.com\/wordpress\/wp-json\/wp\/v2\/pages\/84\/revisions"}],"predecessor-version":[{"id":497,"href":"http:\/\/cac-gourdon.com\/wordpress\/wp-json\/wp\/v2\/pages\/84\/revisions\/497"}],"wp:attachment":[{"href":"http:\/\/cac-gourdon.com\/wordpress\/wp-json\/wp\/v2\/media?parent=84"}],"curies":[{"name":"wp","href":"https:\/\/api.w.org\/{rel}","templated":true}]}}